{"id":16,"date":"2018-01-16T13:08:36","date_gmt":"2018-01-16T12:08:36","guid":{"rendered":"http:\/\/amvb.fr\/?page_id=16"},"modified":"2025-11-19T18:25:11","modified_gmt":"2025-11-19T17:25:11","slug":"presentation","status":"publish","type":"page","link":"https:\/\/amvb.fr\/?page_id=16","title":{"rendered":"Pr\u00e9sentation"},"content":{"rendered":"<p>Bienvenue sur le site de l&rsquo;Association Musicale du Val de Bi\u00e8vre<br \/>\nOrchestre d&rsquo;Harmonie de l&rsquo;Ha\u00ff-les-Roses (Val de Marne)<\/p>\n<p>L&rsquo; Orchestre d&rsquo;Harmonie de l&rsquo;Association Musicale du Val de Bi\u00e8vre a \u00e9t\u00e9 cr\u00e9\u00e9 en 1980. Renouvelant sans cesse son r\u00e9pertoire compos\u00e9 d&rsquo;\u0153uvres vari\u00e9es (classique, jazz, vari\u00e9t\u00e9, musiques de films&#8230;)<br \/>\nEn mai 2013, au concours de la CMF, il a obtenu un Premier Prix, mention Tr\u00e8s Bien, en&nbsp; division sup\u00e9rieure.<br \/>\nIl est compos\u00e9 d&rsquo;une quarantaine de musiciens venant de l&rsquo;Ha\u00ff-les-Roses et des villes environnantes. Ils sont tous amateurs, et viennent avant tout pour le plaisir de jouer.<\/p>\n<p>Nous recrutons actuellement des musiciens de niveau confirm\u00e9 dans tous les pupitres, en particulier des&nbsp; <span style=\"color: #ff0000;\">cors, percussionnistes et un ou une fl\u00fbtiste<\/span>&#8230;. N&rsquo;h\u00e9sitez pas \u00e0 nous contacter.<\/p>\n<p>Nous r\u00e9p\u00e9tons les Mercredis de 20 heures \u00e0 22 heures au Moulin de la Bi\u00e8vre \u00e0 l&rsquo;Ha\u00ff les Roses (intersection avenue Henri Barbusse et avenue Larroum\u00e8s \u00e0 15 minutes \u00e0 pied du RER B &#8211; Bourg La Reine).<\/p>\n<p style=\"text-align: center;\"><iframe loading=\"lazy\" style=\"border: 0;\" src=\"https:\/\/www.google.com\/maps\/embed?pb=!1m18!1m12!1m3!1d2629.347679326277!2d2.32364321577711!3d48.77525231451078!2m3!1f0!2f0!3f0!3m2!1i1024!2i768!4f13.1!3m3!1m2!1s0x47e676d2a59b5de1%3A0x6099c15fe436b51f!2s73+Avenue+Larroumes%2C+94240+L'Ha%C3%BF-les-Roses!5e0!3m2!1sfr!2sfr!4v1516010068405\" width=\"600\" height=\"450\" frameborder=\"0\" allowfullscreen=\"allowfullscreen\"><\/iframe><\/p>\n<p><strong>Attention<\/strong>, certaines r\u00e9p\u00e9titions peuvent avoir lieu dans d&rsquo;autres salles, consulter le calendrier ou les \u00e9v\u00e9nements \u00e0 droite.<br \/>\n<strong>Contact <\/strong>: venez nous voir aux r\u00e9p\u00e9titions, avec vos instruments, bien entendu&#8230;<br \/>\n<strong>Courriel <\/strong>: <a href=\"mailto:amvb@free.fr\">contact@amvb.fr<\/a><br \/>\nOu <span style=\"text-decoration: underline;\">\u00e9crivez<\/span> \u00e0 l&rsquo;<strong>AMVB <\/strong>&#8211; 58 avenue du G\u00e9n\u00e9ral Leclerc &#8211; 94240 L&rsquo;Ha\u00ff-les-Roses<\/p>\n<div style=\"padding-bottom:20px; padding-top:10px;\" class=\"hupso-share-buttons\"><!-- Hupso Share Buttons - https:\/\/www.hupso.com\/share\/ --><a class=\"hupso_toolbar\" href=\"https:\/\/www.hupso.com\/share\/\"><img decoding=\"async\" src=\"https:\/\/static.hupso.com\/share\/buttons\/lang\/fr\/share-medium.png\" style=\"border:0px; padding-top: 5px; float:left;\" alt=\"Share Button\"\/><\/a><script type=\"text\/javascript\">var hupso_services_t=new Array(\"Twitter\",\"Facebook\",\"Google Plus\",\"Print\");var hupso_background_t=\"#EAF4FF\";var hupso_border_t=\"#66CCFF\";var hupso_toolbar_size_t=\"medium\";var hupso_image_folder_url = \"\";var hupso_url_t=\"\";var hupso_title_t=\"Pr%C3%A9sentation\";<\/script><script type=\"text\/javascript\" src=\"https:\/\/static.hupso.com\/share\/js\/share_toolbar.js\"><\/script><!-- Hupso Share Buttons --><\/div>","protected":false},"excerpt":{"rendered":"<p>Bienvenue sur le site de l&rsquo;Association Musicale du Val de Bi\u00e8vre Orchestre d&rsquo;Harmonie de l&rsquo;Ha\u00ff-les-Roses (Val de Marne) L&rsquo; Orchestre d&rsquo;Harmonie de l&rsquo;Association Musicale du Val de Bi\u00e8vre a \u00e9t\u00e9 cr\u00e9\u00e9 en 1980. Renouvelant sans cesse son r\u00e9pertoire compos\u00e9 d&rsquo;\u0153uvres &hellip; <a href=\"https:\/\/amvb.fr\/?page_id=16\">Continuer la lecture <span class=\"meta-nav\">&rarr;<\/span><\/a><\/p>\n","protected":false},"author":2,"featured_media":0,"parent":0,"menu_order":0,"comment_status":"closed","ping_status":"closed","template":"","meta":{"_bbp_topic_count":0,"_bbp_reply_count":0,"_bbp_total_topic_count":0,"_bbp_total_reply_count":0,"_bbp_voice_count":0,"_bbp_anonymous_reply_count":0,"_bbp_topic_count_hidden":0,"_bbp_reply_count_hidden":0,"_bbp_forum_subforum_count":0,"ngg_post_thumbnail":0,"footnotes":""},"class_list":["post-16","page","type-page","status-publish","hentry"],"aioseo_notices":[],"_links":{"self":[{"href":"https:\/\/amvb.fr\/index.php?rest_route=\/wp\/v2\/pages\/16","targetHints":{"allow":["GET"]}}],"collection":[{"href":"https:\/\/amvb.fr\/index.php?rest_route=\/wp\/v2\/pages"}],"about":[{"href":"https:\/\/amvb.fr\/index.php?rest_route=\/wp\/v2\/types\/page"}],"author":[{"embeddable":true,"href":"https:\/\/amvb.fr\/index.php?rest_route=\/wp\/v2\/users\/2"}],"replies":[{"embeddable":true,"href":"https:\/\/amvb.fr\/index.php?rest_route=%2Fwp%2Fv2%2Fcomments&post=16"}],"version-history":[{"count":13,"href":"https:\/\/amvb.fr\/index.php?rest_route=\/wp\/v2\/pages\/16\/revisions"}],"predecessor-version":[{"id":6145,"href":"https:\/\/amvb.fr\/index.php?rest_route=\/wp\/v2\/pages\/16\/revisions\/6145"}],"wp:attachment":[{"href":"https:\/\/amvb.fr\/index.php?rest_route=%2Fwp%2Fv2%2Fmedia&parent=16"}],"curies":[{"name":"wp","href":"https:\/\/api.w.org\/{rel}","templated":true}]}}