{"id":21,"date":"2018-01-16T13:12:42","date_gmt":"2018-01-16T12:12:42","guid":{"rendered":"http:\/\/amvb.fr\/?page_id=21"},"modified":"2018-01-18T23:04:39","modified_gmt":"2018-01-18T22:04:39","slug":"histoire","status":"publish","type":"page","link":"https:\/\/amvb.fr\/?page_id=21","title":{"rendered":"Histoire"},"content":{"rendered":"<p>M. Joseph Pasquier, \u00e0 la suite de son d\u00e9part de la co-direction du conservatoire de musique de l&rsquo;Ha\u00ff-les-Roses, d\u00e9cida, en juillet 1980, de poursuivre la pratique de la musique au sein d&rsquo;une harmonie dans la ville d&rsquo;o\u00f9 il \u00e9tait originaire.<\/p>\n<p>Avec l&rsquo;aide de quelques musiciens, il cr\u00e9a donc l&rsquo;Association Musicale du Val de Bi\u00e8vre, dont il prit la direction. De fil en aiguille, cette harmonie, compos\u00e9e essentiellement de musiciens amateurs, s&rsquo;est pr\u00e9sent\u00e9e de nombreuses fois \u00e0 des concours, et a r\u00e9guli\u00e8rement augment\u00e9 le nombre de ses musiciens.<\/p>\n<p>La liste des anciens et des nouveaux fait appara\u00eetre plus de deux cents musiciens&#8230; N&rsquo;h\u00e9sitez pas d&rsquo;ailleurs, \u00e0 nous contacter, pour la rectifier ou la compl\u00e9ter !<\/p>\n<p>En 1982, l&rsquo;ensemble instrumental se pr\u00e9sente au concours national d&rsquo;Arpajon, o\u00f9 sa prestation fut bien accueillie, avec le gain d&rsquo;un instrument (trombone).<\/p>\n<p>Sur la base de ces d\u00e9buts triomphants, une deuxi\u00e8me participation \u00e0 un concours fut organis\u00e9e, internationale (1984, \u00e0 Nearpelt en Belgique), suivie d&rsquo;une participation au concours national de Chelles (maintien dans la cat\u00e9gorie).<\/p>\n<p>Depuis cette p\u00e9riode, diff\u00e9rentes manifestations nous ont permis de nous pr\u00e9senter au Jardin d&rsquo;acclimatation de Paris, \u00e0 Valence en Brie, \u00e0 Arcueil (dans le cadre de l&rsquo;anniversaire des 100 ans de la naissance d&rsquo;Erik Satie), au Kremlin Bic\u00eatre, \u00e0 Sceaux, \u00e0 Vitry sur Seine, \u00e0 Sucy en Brie, \u00e0 La D\u00e9fense&#8230; , d\u00e9passant ainsi le cadre de notre commune.<\/p>\n<p>A c\u00f4t\u00e9 de ces grosses manifestations, l&rsquo;association organise un concert de gala par an \u00e0 L&rsquo;Ha\u00ff-les-Roses, g\u00e9n\u00e9ralement au d\u00e9but du printemps, un concert de plein air \u00e0 la Roseraie de L&rsquo;Ha\u00ff-les-Roses le dernier dimanche de Juin, et un concert de No\u00ebl \u00e0 l&rsquo;auditorium.<\/p>\n<p>L&rsquo;implication de l&rsquo;harmonie dans la vie associative de la ville est \u00e9galement prise en compte, lors d&rsquo;animation dans les f\u00eates de quartiers, le march\u00e9 de No\u00ebl de L&rsquo;Ha\u00ff-les-Roses, des interventions lors de spectacles d&rsquo;autres associations de l&rsquo;Ha\u00ff les Roses (soir\u00e9e de Gala de \u00ab\u00a0Fleurir l\u00a0\u00bbHa\u00ff\u00a0\u00bb, Soir\u00e9e de Gala de \u00ab\u00a0Cinamat\u00a0\u00bb, pr\u00e9sentation culturelle de la saison de la Maison des Associations Culturelles de L&rsquo;Ha\u00ff&#8230;), en grande formation ou en plus petite (quatuor de Saxophones, ensemble \u00e0 vents, quintette de cuivres), voire extr\u00eamement r\u00e9duite (Sonnerie aux morts du 11 novembre).<\/p>\n<div style=\"padding-bottom:20px; padding-top:10px;\" class=\"hupso-share-buttons\"><!-- Hupso Share Buttons - https:\/\/www.hupso.com\/share\/ --><a class=\"hupso_toolbar\" href=\"https:\/\/www.hupso.com\/share\/\"><img decoding=\"async\" src=\"https:\/\/static.hupso.com\/share\/buttons\/lang\/fr\/share-medium.png\" style=\"border:0px; padding-top: 5px; float:left;\" alt=\"Share Button\"\/><\/a><script type=\"text\/javascript\">var hupso_services_t=new Array(\"Twitter\",\"Facebook\",\"Google Plus\",\"Print\");var hupso_background_t=\"#EAF4FF\";var hupso_border_t=\"#66CCFF\";var hupso_toolbar_size_t=\"medium\";var hupso_image_folder_url = \"\";var hupso_url_t=\"\";var hupso_title_t=\"Histoire\";<\/script><script type=\"text\/javascript\" src=\"https:\/\/static.hupso.com\/share\/js\/share_toolbar.js\"><\/script><!-- Hupso Share Buttons --><\/div>","protected":false},"excerpt":{"rendered":"<p>M. Joseph Pasquier, \u00e0 la suite de son d\u00e9part de la co-direction du conservatoire de musique de l&rsquo;Ha\u00ff-les-Roses, d\u00e9cida, en juillet 1980, de poursuivre la pratique de la musique au sein d&rsquo;une harmonie dans la ville d&rsquo;o\u00f9 il \u00e9tait originaire. &hellip; <a href=\"https:\/\/amvb.fr\/?page_id=21\">Continuer la lecture <span class=\"meta-nav\">&rarr;<\/span><\/a><\/p>\n","protected":false},"author":2,"featured_media":0,"parent":0,"menu_order":0,"comment_status":"closed","ping_status":"closed","template":"","meta":{"_bbp_topic_count":0,"_bbp_reply_count":0,"_bbp_total_topic_count":0,"_bbp_total_reply_count":0,"_bbp_voice_count":0,"_bbp_anonymous_reply_count":0,"_bbp_topic_count_hidden":0,"_bbp_reply_count_hidden":0,"_bbp_forum_subforum_count":0,"ngg_post_thumbnail":0,"footnotes":""},"class_list":["post-21","page","type-page","status-publish","hentry"],"aioseo_notices":[],"_links":{"self":[{"href":"https:\/\/amvb.fr\/index.php?rest_route=\/wp\/v2\/pages\/21","targetHints":{"allow":["GET"]}}],"collection":[{"href":"https:\/\/amvb.fr\/index.php?rest_route=\/wp\/v2\/pages"}],"about":[{"href":"https:\/\/amvb.fr\/index.php?rest_route=\/wp\/v2\/types\/page"}],"author":[{"embeddable":true,"href":"https:\/\/amvb.fr\/index.php?rest_route=\/wp\/v2\/users\/2"}],"replies":[{"embeddable":true,"href":"https:\/\/amvb.fr\/index.php?rest_route=%2Fwp%2Fv2%2Fcomments&post=21"}],"version-history":[{"count":1,"href":"https:\/\/amvb.fr\/index.php?rest_route=\/wp\/v2\/pages\/21\/revisions"}],"predecessor-version":[{"id":22,"href":"https:\/\/amvb.fr\/index.php?rest_route=\/wp\/v2\/pages\/21\/revisions\/22"}],"wp:attachment":[{"href":"https:\/\/amvb.fr\/index.php?rest_route=%2Fwp%2Fv2%2Fmedia&parent=21"}],"curies":[{"name":"wp","href":"https:\/\/api.w.org\/{rel}","templated":true}]}}