{"id":28,"date":"2018-01-16T13:23:02","date_gmt":"2018-01-16T12:23:02","guid":{"rendered":"http:\/\/amvb.fr\/?page_id=28"},"modified":"2018-01-20T23:06:37","modified_gmt":"2018-01-20T22:06:37","slug":"2006-2007","status":"publish","type":"page","link":"https:\/\/amvb.fr\/?page_id=28","title":{"rendered":"2006-2007"},"content":{"rendered":"<p style=\"text-align: center;\"><strong><a href=\"http:\/\/amvb.fr\/?page_id=26\">&lt;&#8211;<\/a> <a name=\"2006\"><\/a>2006 <a href=\"#2007\">&#8211;&gt;<\/a><\/strong><\/p>\n<p>Janvier <strong>2006<\/strong> : Didier a r\u00e9ussi un concours qui lui permet d&rsquo;obtenir le poste de Directeur musical de la<br \/>\nMusique des \u00c9quipages de la Flotte de Brest et ne peut plus continuer \u00e0 nous diriger. Nous f\u00eatons son d\u00e9part et en m\u00eame temps accueillons Jean-Paul Sautier qui a accept\u00e9 de revenir diriger notre ensemble.<\/p>\n<p>Mars 2006 : concert de Printemps.<\/p>\n<p>Juin 2006 : le concert de la Roseraie est un succ\u00e8s. A la fin du mois, la derni\u00e8re r\u00e9p\u00e9tition se transforme en barbecue au Moulin de la Bi\u00e8vre.<\/p>\n<p>Novembre 2006 : la r\u00e9p\u00e9tition le jour de la Sainte-C\u00e9cile est l&rsquo;occasion d&rsquo;un sympathique moment de d\u00e9tente.<\/p>\n<p>D\u00e9cembre 2006 : apr\u00e8s le traditionnel concert du march\u00e9 de No\u00ebl, nous avons donn\u00e9 un concert dans lAuditorium : 300 personnes ont pu \u00e9couter une heure de musique vari\u00e9e.<\/p>\n<hr>\n<p style=\"text-align: center;\"><strong><a href=\"http:\/\/amvb.fr\/?page_id=28\">&lt;&#8211;<\/a> <a name=\"2007\"><\/a>2007 <a href=\"http:\/\/amvb.fr\/?page_id=30\">&#8211;&gt;<\/a><\/strong><\/p>\n<p>Mai 2007 : nous participons au concours de la <a href=\"http:\/\/www.cmf-musique.org\/\" target=\"_blank\" rel=\"noopener\">CMF<\/a> \u00e0 Bouzonville, en premi\u00e8re division et obtenons un premier prix, mention Tr\u00e8s Bien (18\/20).<\/p>\n<p>Juin 2007 : le concert de la Roseraie a toujours autant de succ\u00e8s et \u00e9chappe de peu aux averses mena\u00e7antes. Fin juin, la derni\u00e8re r\u00e9p\u00e9tition se d\u00e9roule sans les instruments habituels, au Petit Robinson.<\/p>\n<p>Novembre 2007 : Sainte-C\u00e9cile. La r\u00e9p\u00e9tition se termine de fa\u00e7on tr\u00e8s ludique.<br \/>\nPour les c\u00e9r\u00e9monies comm\u00e9moratives du 11 novembre, quelques uns d\u00a0\u00bbentre nous assurent une participation musicale&#8230;<\/p>\n<p>D\u00e9cembre 2007 : le sympathique concert du march\u00e9 de No\u00ebl &nbsp;a \u00e9t\u00e9 suivi la semaine suivante du concert de No\u00ebl dans l&rsquo;Auditorium, avec la participation du quatuor de saxophones : les <a href=\"http:\/\/lesbecsdeseine.free.fr\/\" target=\"_blank\" rel=\"noopener\">Becs de Seine<\/a>. Le public a bien appr\u00e9ci\u00e9.<\/p>\n<p style=\"text-align: right;\"><strong><a href=\"http:\/\/amvb.fr\/?page_id=30\">&#8211;&gt;<\/a><\/strong><\/p>\n<div style=\"padding-bottom:20px; padding-top:10px;\" class=\"hupso-share-buttons\"><!-- Hupso Share Buttons - https:\/\/www.hupso.com\/share\/ --><a class=\"hupso_toolbar\" href=\"https:\/\/www.hupso.com\/share\/\"><img decoding=\"async\" src=\"https:\/\/static.hupso.com\/share\/buttons\/lang\/fr\/share-medium.png\" style=\"border:0px; padding-top: 5px; float:left;\" alt=\"Share Button\"\/><\/a><script type=\"text\/javascript\">var hupso_services_t=new Array(\"Twitter\",\"Facebook\",\"Google Plus\",\"Print\");var hupso_background_t=\"#EAF4FF\";var hupso_border_t=\"#66CCFF\";var hupso_toolbar_size_t=\"medium\";var hupso_image_folder_url = \"\";var hupso_url_t=\"\";var hupso_title_t=\"2006-2007\";<\/script><script type=\"text\/javascript\" src=\"https:\/\/static.hupso.com\/share\/js\/share_toolbar.js\"><\/script><!-- Hupso Share Buttons --><\/div>","protected":false},"excerpt":{"rendered":"<p>&lt;&#8211; 2006 &#8211;&gt; Janvier 2006 : Didier a r\u00e9ussi un concours qui lui permet d&rsquo;obtenir le poste de Directeur musical de la Musique des \u00c9quipages de la Flotte de Brest et ne peut plus continuer \u00e0 nous diriger. Nous f\u00eatons &hellip; <a href=\"https:\/\/amvb.fr\/?page_id=28\">Continuer la lecture <span class=\"meta-nav\">&rarr;<\/span><\/a><\/p>\n","protected":false},"author":2,"featured_media":0,"parent":0,"menu_order":0,"comment_status":"closed","ping_status":"closed","template":"","meta":{"_bbp_topic_count":0,"_bbp_reply_count":0,"_bbp_total_topic_count":0,"_bbp_total_reply_count":0,"_bbp_voice_count":0,"_bbp_anonymous_reply_count":0,"_bbp_topic_count_hidden":0,"_bbp_reply_count_hidden":0,"_bbp_forum_subforum_count":0,"ngg_post_thumbnail":0,"footnotes":""},"class_list":["post-28","page","type-page","status-publish","hentry"],"aioseo_notices":[],"_links":{"self":[{"href":"https:\/\/amvb.fr\/index.php?rest_route=\/wp\/v2\/pages\/28","targetHints":{"allow":["GET"]}}],"collection":[{"href":"https:\/\/amvb.fr\/index.php?rest_route=\/wp\/v2\/pages"}],"about":[{"href":"https:\/\/amvb.fr\/index.php?rest_route=\/wp\/v2\/types\/page"}],"author":[{"embeddable":true,"href":"https:\/\/amvb.fr\/index.php?rest_route=\/wp\/v2\/users\/2"}],"replies":[{"embeddable":true,"href":"https:\/\/amvb.fr\/index.php?rest_route=%2Fwp%2Fv2%2Fcomments&post=28"}],"version-history":[{"count":15,"href":"https:\/\/amvb.fr\/index.php?rest_route=\/wp\/v2\/pages\/28\/revisions"}],"predecessor-version":[{"id":1113,"href":"https:\/\/amvb.fr\/index.php?rest_route=\/wp\/v2\/pages\/28\/revisions\/1113"}],"wp:attachment":[{"href":"https:\/\/amvb.fr\/index.php?rest_route=%2Fwp%2Fv2%2Fmedia&parent=28"}],"curies":[{"name":"wp","href":"https:\/\/api.w.org\/{rel}","templated":true}]}}