{"id":34,"date":"2018-01-16T13:25:04","date_gmt":"2018-01-16T12:25:04","guid":{"rendered":"http:\/\/amvb.fr\/?page_id=34"},"modified":"2023-09-10T13:01:00","modified_gmt":"2023-09-10T11:01:00","slug":"2012-2013","status":"publish","type":"page","link":"https:\/\/amvb.fr\/?page_id=34","title":{"rendered":"2012-2013"},"content":{"rendered":"<p style=\"text-align: center;\"><strong><a href=\"http:\/\/amvb.fr\/?page_id=32\">&lt;&#8211;<\/a> 2012 <a href=\"#2013\">&#8211;&gt;<\/a><\/strong><\/p>\n<p>Premier week-end de f\u00e9vrier 2012 : une dizaine d&rsquo;entre nous se joignent \u00e0 l&rsquo;orchestre d\u00e9partemental de la <a href=\"http:\/\/fmvm94.free.fr\/\" target=\"_blank\" rel=\"noopener\">F\u00e9d\u00e9ration Musicale du 94<\/a> pour participer&nbsp; \u00e0 la mise en place d&rsquo;un concert \u00e0 Vincennes sous la direction de J\u00e9r\u00f4me Naulais.<\/p>\n<p>Week-end du 1er avril 2012 : nous recevons le Chorale du Donjon de Pons qui nous avait accueillis fort gentiment en novembre 2010. Soir\u00e9e-repas dansante sympathique le samedi soir et concert tr\u00e8s applaudi le dimanche apr\u00e8s-midi : Claude R\u00e9volte dirige le choeur en premi\u00e8re partie, Laurent Langard l&rsquo;harmonie en deuxi\u00e8me partie et un final rassemble nos deux formations.&nbsp;<\/p>\n<p>Le dimanche 20 mai, nous jouons dans le parc des Hautes Bruy\u00e8res, en association avec les jeunes \u00e9l\u00e8ves de 1<sup>er<\/sup> et 2<sup>\u00e8me<\/sup> cycle du conservatoire de Villejuif : jumelage r\u00e9ussi !&nbsp;<\/p>\n<p>Coup de chance, il fait exceptionnellement beau, samedi 23 juin, pour notre concert \u00e0 la Roseraie !&nbsp;<\/p>\n<p>Fin de la saison musicale avec le pique-nique au Moulin de la Bi\u00e8vre, mercredi 27 juin.&nbsp;<\/p>\n<p>A la rentr\u00e9e de septembre, pour la quatri\u00e8me ann\u00e9e, nous donnons un concert au kiosque du Jardin du Luxembourg, par un temps superbe.&nbsp;<\/p>\n<p>Le samedi 17 novembre, nous retrouvons l&rsquo;orchestre d&rsquo;harmonie de Pantin&nbsp; dans le cadre du DADSM (Dipl\u00f4me d&rsquo;Aptitude \u00e0 la Direction des Soci\u00e9t\u00e9s Musicales) organis\u00e9 par la <a href=\"http:\/\/www.cmf-musique.org\/\" target=\"_blank\" rel=\"noopener\">CMF<\/a>, afin de permettre \u00e0 9 candidats de passer l&rsquo;\u00e9preuve de direction d&rsquo;orchestre.<br \/>\n<a name=\"2013\"><\/a><br \/>\nDimanche 2 d\u00e9cembre : concert du march\u00e9 de No\u00ebl sous le signe de l&rsquo;Irlande.&nbsp;<\/p>\n<hr>\n<p style=\"text-align: center;\"><strong><a href=\"http:\/\/amvb.fr\/?page_id=34\">&lt;&#8211;<\/a> 2013 <a href=\"http:\/\/amvb.fr\/?page_id=36\">&#8211;&gt;<\/a><\/strong><\/p>\n<p>Le dimanche 27 janvier nous donnons un concert \u00e0 l&rsquo;auditorium : en premi\u00e8re partie, l&rsquo;AMVB, en deuxi\u00e8me partie l&rsquo;orchestre d&rsquo;harmonie de Pantin \u00e9galement dirig\u00e9 par Laurent Langard. Nous terminons par un final commun qui a enthousiasm\u00e9 le public.&nbsp;<\/p>\n<p>Mercredi 20 f\u00e9vrier : nous donnons un concert en association avec le Conservatoire \u00e0 D\u00e9veloppement R\u00e9gional de l&rsquo;Ha\u00ff-les-Roses. Un partenariat tr\u00e8s r\u00e9ussi qui m\u00eale jeunes et moins jeunes pour jouer des pi\u00e8ces communes en troisi\u00e8me partie.&nbsp;<\/p>\n<p>Dimanche 28 avril : concert de printemps dans la salle des f\u00eates de la M.A.C. au moulin de la Bi\u00e8vre. Un public nombreux s&rsquo;est laiss\u00e9 emport\u00e9 par nos pi\u00e8ces de concours et des musiques de film : bonheur.&nbsp;<\/p>\n<p>Le dimanche 19 mai, nous jouons dans le parc des Hautes Bruy\u00e8res, en association avec les jeunes \u00e9l\u00e8ves de 1<sup>er<\/sup> et 2<sup>\u00e8me<\/sup> cycle du conservatoire de Villejuif.&nbsp;<\/p>\n<p>Le dimanche 26 mai d\u00e9part en car pour Bourgtheroulde, en Normandie, o\u00f9 nous jouons nos pi\u00e8ces de concours, le matin : le jury de la CMF nous attribue un premier prix avec mention Tr\u00e8s Bien en Division Sup\u00e9rieure ! Ambiance tr\u00e8s d\u00e9tendue ensuite. L&rsquo;apr\u00e8s-midi, nous jouons des pi\u00e8ces festives en ext\u00e9rieur, devant un public fort sympathique. Quelle journ\u00e9e !&nbsp;<\/p>\n<p>Apparition du soleil, dimanche 23 juin, pour notre animation lors de la f\u00eate de la M.A.C. !<\/p>\n<p>Belle \u00e9claircie \u00e9galement, le samedi 29 juin, pour notre concert au th\u00e9\u00e2tre de verdure de la Roseraie.&nbsp;<\/p>\n<p>A la rentr\u00e9e de septembre, pour la cinqui\u00e8me ann\u00e9e, nous donnons un concert au kiosque du Jardin du Luxembourg,&nbsp; en association avec l&rsquo;<a href=\"http:\/\/harmoniedesdeuxrives.com\/\" target=\"_blank\" rel=\"noopener\">Harmonie des Deux Rives<\/a> : deux heures de musique par un temps superbe pour un public venu tr\u00e8s nombreux.&nbsp;<\/p>\n<p>Dimanche 1er d\u00e9cembre : concert du march\u00e9 de No\u00ebl sous le signe de l&rsquo;Alsace.&nbsp;<\/p>\n<p style=\"text-align: right;\"><a href=\"http:\/\/amvb.fr\/?page_id=36\">&#8211;&gt;<\/a><\/p>\n<div style=\"padding-bottom:20px; padding-top:10px;\" class=\"hupso-share-buttons\"><!-- Hupso Share Buttons - https:\/\/www.hupso.com\/share\/ --><a class=\"hupso_toolbar\" href=\"https:\/\/www.hupso.com\/share\/\"><img decoding=\"async\" src=\"https:\/\/static.hupso.com\/share\/buttons\/lang\/fr\/share-medium.png\" style=\"border:0px; padding-top: 5px; float:left;\" alt=\"Share Button\"\/><\/a><script type=\"text\/javascript\">var hupso_services_t=new Array(\"Twitter\",\"Facebook\",\"Google Plus\",\"Print\");var hupso_background_t=\"#EAF4FF\";var hupso_border_t=\"#66CCFF\";var hupso_toolbar_size_t=\"medium\";var hupso_image_folder_url = \"\";var hupso_url_t=\"\";var hupso_title_t=\"2012-2013\";<\/script><script type=\"text\/javascript\" src=\"https:\/\/static.hupso.com\/share\/js\/share_toolbar.js\"><\/script><!-- Hupso Share Buttons --><\/div>","protected":false},"excerpt":{"rendered":"<p>&lt;&#8211; 2012 &#8211;&gt; Premier week-end de f\u00e9vrier 2012 : une dizaine d&rsquo;entre nous se joignent \u00e0 l&rsquo;orchestre d\u00e9partemental de la F\u00e9d\u00e9ration Musicale du 94 pour participer&nbsp; \u00e0 la mise en place d&rsquo;un concert \u00e0 Vincennes sous la direction de J\u00e9r\u00f4me &hellip; <a href=\"https:\/\/amvb.fr\/?page_id=34\">Continuer la lecture <span class=\"meta-nav\">&rarr;<\/span><\/a><\/p>\n","protected":false},"author":2,"featured_media":0,"parent":0,"menu_order":0,"comment_status":"closed","ping_status":"closed","template":"","meta":{"_bbp_topic_count":0,"_bbp_reply_count":0,"_bbp_total_topic_count":0,"_bbp_total_reply_count":0,"_bbp_voice_count":0,"_bbp_anonymous_reply_count":0,"_bbp_topic_count_hidden":0,"_bbp_reply_count_hidden":0,"_bbp_forum_subforum_count":0,"ngg_post_thumbnail":0,"footnotes":""},"class_list":["post-34","page","type-page","status-publish","hentry"],"aioseo_notices":[],"_links":{"self":[{"href":"https:\/\/amvb.fr\/index.php?rest_route=\/wp\/v2\/pages\/34","targetHints":{"allow":["GET"]}}],"collection":[{"href":"https:\/\/amvb.fr\/index.php?rest_route=\/wp\/v2\/pages"}],"about":[{"href":"https:\/\/amvb.fr\/index.php?rest_route=\/wp\/v2\/types\/page"}],"author":[{"embeddable":true,"href":"https:\/\/amvb.fr\/index.php?rest_route=\/wp\/v2\/users\/2"}],"replies":[{"embeddable":true,"href":"https:\/\/amvb.fr\/index.php?rest_route=%2Fwp%2Fv2%2Fcomments&post=34"}],"version-history":[{"count":5,"href":"https:\/\/amvb.fr\/index.php?rest_route=\/wp\/v2\/pages\/34\/revisions"}],"predecessor-version":[{"id":5168,"href":"https:\/\/amvb.fr\/index.php?rest_route=\/wp\/v2\/pages\/34\/revisions\/5168"}],"wp:attachment":[{"href":"https:\/\/amvb.fr\/index.php?rest_route=%2Fwp%2Fv2%2Fmedia&parent=34"}],"curies":[{"name":"wp","href":"https:\/\/api.w.org\/{rel}","templated":true}]}}