{"id":3861,"date":"2020-09-22T10:17:27","date_gmt":"2020-09-22T08:17:27","guid":{"rendered":"http:\/\/amvb.fr\/?page_id=3861"},"modified":"2025-04-03T12:06:53","modified_gmt":"2025-04-03T10:06:53","slug":"2020-2021","status":"publish","type":"page","link":"https:\/\/amvb.fr\/?page_id=3861","title":{"rendered":"2020-2022"},"content":{"rendered":"\n<p style=\"text-align: center;\"><strong><a href=\"http:\/\/amvb.fr\/?page_id=2331\" rel=\"noopener\">&lt;&#8211;<\/a> 2020 <a href=\"#2021\" rel=\"noopener\">&#8211;&gt;<\/a><\/strong><\/p>\n<p>L&rsquo;ann\u00e9e 2020 devait \u00eatre l&rsquo;anniversaire des 40 ans de notre association.<\/p>\n<p>Malheureusement, le concert des 40 ans initialement pr\u00e9vu le 21 mars a d\u00fb \u00eatre report\u00e9 du fait de la pand\u00e9mie de COVID19.<\/p>\n<hr>\n<p style=\"text-align: center;\"><strong><a href=\"#2020\">&lt;&#8211;<\/a> 2021 <a href=\"#2022\">&#8211;&gt;<\/a><\/strong><\/p>\n<p>Le samedi 9 octobre, nous avons pu jouer au Luxembourg devant un public nombreux et enthousiaste.&nbsp;<\/p>\n<p>Le 5 d\u00e9cembre, nous jouons au March\u00e9 de No\u00ebl, pour le plaisir des enfants et des parents.&nbsp;<\/p>\n<hr>\n<p style=\"text-align: center;\"><strong><a href=\"#2021\">&lt;&#8211;<\/a> 2022 <a href=\"http:\/\/amvb.fr\/?page_id=4858\">&#8211;&gt;<\/a><\/strong><\/p>\n<p>Le 30 janvier, malgr\u00e9 le contexte sanitaire difficile, nous pouvons donner notre concert d&rsquo;hiver dans la salle des f\u00eates du Moulin de la Bi\u00e8vre. <br>Une heure et demie de musique avec une premi\u00e8re partie qui a emport\u00e9 le public dans les \u00e9toiles ! La deuxi\u00e8me partie \u00e9tait pleine de surprise : ils ont ador\u00e9 !!!&nbsp;<br><br>Avec un retard de 2 ans, nous avons pu f\u00eater les 40 ans (42 ans en fait) de notre ch\u00e8re association avec un grand concert, le 9 avril.<br>\u00c0 ce concert \u00e9taient invit\u00e9s des musiciens d&rsquo;orchestres amis et des anciens : 60 amateurs sur sc\u00e8nes qui ont enflamm\u00e9 le public : belle r\u00e9ussite !&nbsp;<\/p>\n<p>Le 25 juin, c&rsquo;est jour de pluie : notre concert \u00e0 la Roseraie est d\u00e9plac\u00e9 sous le march\u00e9 couvert.<br>Le public est l\u00e0 ! &nbsp;<\/p>\n<p>Le beau temps \u00e9tait avec nous, ce samedi 22 octobre, au kiosque du Luxembourg, avec un public toujours aussi enthousiaste !&nbsp;<\/p>\n<p>Le 4 d\u00e9cembre, nous jouons pour le March\u00e9 de No\u00ebl, devant parents et enfants qui sont venus nombreux : une belle f\u00eate !&nbsp;<\/p>\n<p style=\"text-align: right;\"><strong><a href=\"http:\/\/amvb.fr\/?page_id=4858\">&#8211;&gt;<\/a><\/strong><\/p>\n<div style=\"padding-bottom:20px; padding-top:10px;\" class=\"hupso-share-buttons\"><!-- Hupso Share Buttons - https:\/\/www.hupso.com\/share\/ --><a class=\"hupso_toolbar\" href=\"https:\/\/www.hupso.com\/share\/\"><img decoding=\"async\" src=\"https:\/\/static.hupso.com\/share\/buttons\/lang\/fr\/share-medium.png\" style=\"border:0px; padding-top: 5px; float:left;\" alt=\"Share Button\"\/><\/a><script type=\"text\/javascript\">var hupso_services_t=new Array(\"Twitter\",\"Facebook\",\"Google Plus\",\"Print\");var hupso_background_t=\"#EAF4FF\";var hupso_border_t=\"#66CCFF\";var hupso_toolbar_size_t=\"medium\";var hupso_image_folder_url = \"\";var hupso_url_t=\"\";var hupso_title_t=\"2020-2022\";<\/script><script type=\"text\/javascript\" src=\"https:\/\/static.hupso.com\/share\/js\/share_toolbar.js\"><\/script><!-- Hupso Share Buttons --><\/div>","protected":false},"excerpt":{"rendered":"<p>&lt;&#8211; 2020 &#8211;&gt; L&rsquo;ann\u00e9e 2020 devait \u00eatre l&rsquo;anniversaire des 40 ans de notre association. Malheureusement, le concert des 40 ans initialement pr\u00e9vu le 21 mars a d\u00fb \u00eatre report\u00e9 du fait de la pand\u00e9mie de COVID19. &lt;&#8211; 2021 &#8211;&gt; Le &hellip; <a href=\"https:\/\/amvb.fr\/?page_id=3861\">Continuer la lecture <span class=\"meta-nav\">&rarr;<\/span><\/a><\/p>\n","protected":false},"author":2,"featured_media":0,"parent":0,"menu_order":0,"comment_status":"closed","ping_status":"closed","template":"","meta":{"_bbp_topic_count":0,"_bbp_reply_count":0,"_bbp_total_topic_count":0,"_bbp_total_reply_count":0,"_bbp_voice_count":0,"_bbp_anonymous_reply_count":0,"_bbp_topic_count_hidden":0,"_bbp_reply_count_hidden":0,"_bbp_forum_subforum_count":0,"ngg_post_thumbnail":0,"footnotes":""},"class_list":["post-3861","page","type-page","status-publish","hentry"],"aioseo_notices":[],"_links":{"self":[{"href":"https:\/\/amvb.fr\/index.php?rest_route=\/wp\/v2\/pages\/3861","targetHints":{"allow":["GET"]}}],"collection":[{"href":"https:\/\/amvb.fr\/index.php?rest_route=\/wp\/v2\/pages"}],"about":[{"href":"https:\/\/amvb.fr\/index.php?rest_route=\/wp\/v2\/types\/page"}],"author":[{"embeddable":true,"href":"https:\/\/amvb.fr\/index.php?rest_route=\/wp\/v2\/users\/2"}],"replies":[{"embeddable":true,"href":"https:\/\/amvb.fr\/index.php?rest_route=%2Fwp%2Fv2%2Fcomments&post=3861"}],"version-history":[{"count":18,"href":"https:\/\/amvb.fr\/index.php?rest_route=\/wp\/v2\/pages\/3861\/revisions"}],"predecessor-version":[{"id":5840,"href":"https:\/\/amvb.fr\/index.php?rest_route=\/wp\/v2\/pages\/3861\/revisions\/5840"}],"wp:attachment":[{"href":"https:\/\/amvb.fr\/index.php?rest_route=%2Fwp%2Fv2%2Fmedia&parent=3861"}],"curies":[{"name":"wp","href":"https:\/\/api.w.org\/{rel}","templated":true}]}}