{"id":5747,"date":"2025-02-21T13:43:47","date_gmt":"2025-02-21T12:43:47","guid":{"rendered":"https:\/\/amvb.fr\/?page_id=5747"},"modified":"2025-12-09T11:21:49","modified_gmt":"2025-12-09T10:21:49","slug":"photos-2025","status":"publish","type":"page","link":"https:\/\/amvb.fr\/?page_id=5747","title":{"rendered":"Photos 2025"},"content":{"rendered":"\n<p>Cliquez sur les liens suivants :<\/p>\n<ul>\n<li><a href=\"https:\/\/amvb.fr\/?page_id=5742\">Concert d&rsquo;Hiver<\/a><\/li>\n<li><a href=\"https:\/\/amvb.fr\/?page_id=5834\">Concert de Printemps<\/a><\/li>\n<li><a href=\"https:\/\/amvb.fr\/?page_id=5876\">C\u00e9r\u00e9monie du 8 mai<\/a><\/li>\n<li><a href=\"https:\/\/amvb.fr\/?page_id=5890\">Concert \u00e0 Montrouge&nbsp;<\/a><\/li>\n<li><a href=\"https:\/\/amvb.fr\/?page_id=6091\">Concert de la Roseraie<\/a><\/li>\n<li><a href=\"https:\/\/amvb.fr\/?page_id=6134\">Concert au Luxembourg<\/a><\/li>\n<li><a href=\"https:\/\/amvb.fr\/?page_id=6202\">Concert au March\u00e9 de No\u00ebl<\/a><\/li>\n<\/ul>\n<div style=\"padding-bottom:20px; padding-top:10px;\" class=\"hupso-share-buttons\"><!-- Hupso Share Buttons - https:\/\/www.hupso.com\/share\/ --><a class=\"hupso_toolbar\" href=\"https:\/\/www.hupso.com\/share\/\"><img decoding=\"async\" src=\"https:\/\/static.hupso.com\/share\/buttons\/lang\/fr\/share-medium.png\" style=\"border:0px; padding-top: 5px; float:left;\" alt=\"Share Button\"\/><\/a><script type=\"text\/javascript\">var hupso_services_t=new Array(\"Twitter\",\"Facebook\",\"Google Plus\",\"Print\");var hupso_background_t=\"#EAF4FF\";var hupso_border_t=\"#66CCFF\";var hupso_toolbar_size_t=\"medium\";var hupso_image_folder_url = \"\";var hupso_url_t=\"\";var hupso_title_t=\"Photos%202025\";<\/script><script type=\"text\/javascript\" src=\"https:\/\/static.hupso.com\/share\/js\/share_toolbar.js\"><\/script><!-- Hupso Share Buttons --><\/div>","protected":false},"excerpt":{"rendered":"<p>Cliquez sur les liens suivants : Concert d&rsquo;Hiver Concert de Printemps C\u00e9r\u00e9monie du 8 mai Concert \u00e0 Montrouge&nbsp; Concert de la Roseraie Concert au Luxembourg Concert au March\u00e9 de No\u00ebl<\/p>\n","protected":false},"author":2,"featured_media":0,"parent":0,"menu_order":0,"comment_status":"closed","ping_status":"closed","template":"","meta":{"_bbp_topic_count":0,"_bbp_reply_count":0,"_bbp_total_topic_count":0,"_bbp_total_reply_count":0,"_bbp_voice_count":0,"_bbp_anonymous_reply_count":0,"_bbp_topic_count_hidden":0,"_bbp_reply_count_hidden":0,"_bbp_forum_subforum_count":0,"ngg_post_thumbnail":0,"footnotes":""},"class_list":["post-5747","page","type-page","status-publish","hentry"],"aioseo_notices":[],"_links":{"self":[{"href":"https:\/\/amvb.fr\/index.php?rest_route=\/wp\/v2\/pages\/5747","targetHints":{"allow":["GET"]}}],"collection":[{"href":"https:\/\/amvb.fr\/index.php?rest_route=\/wp\/v2\/pages"}],"about":[{"href":"https:\/\/amvb.fr\/index.php?rest_route=\/wp\/v2\/types\/page"}],"author":[{"embeddable":true,"href":"https:\/\/amvb.fr\/index.php?rest_route=\/wp\/v2\/users\/2"}],"replies":[{"embeddable":true,"href":"https:\/\/amvb.fr\/index.php?rest_route=%2Fwp%2Fv2%2Fcomments&post=5747"}],"version-history":[{"count":8,"href":"https:\/\/amvb.fr\/index.php?rest_route=\/wp\/v2\/pages\/5747\/revisions"}],"predecessor-version":[{"id":6204,"href":"https:\/\/amvb.fr\/index.php?rest_route=\/wp\/v2\/pages\/5747\/revisions\/6204"}],"wp:attachment":[{"href":"https:\/\/amvb.fr\/index.php?rest_route=%2Fwp%2Fv2%2Fmedia&parent=5747"}],"curies":[{"name":"wp","href":"https:\/\/api.w.org\/{rel}","templated":true}]}}